{"id":12942,"date":"2024-07-16T02:44:35","date_gmt":"2021-03-09T14:19:21","guid":{"rendered":"https:\/\/www.le1926.com\/index.php\/portfolio-2\/"},"modified":"2026-02-01T18:17:18","modified_gmt":"2026-02-01T17:17:18","slug":"portfolio-2","status":"publish","type":"page","link":"https:\/\/www.le1926.com\/index.php\/portfolio-2\/","title":{"rendered":"Menus"},"content":{"rendered":"\n<div style=\"height:26px\" aria-hidden=\"true\" class=\"wp-block-spacer\"><\/div>\n\n\n\n<div class=\"wp-block-columns is-layout-flex wp-container-core-columns-is-layout-9d6595d7 wp-block-columns-is-layout-flex\">\n<div class=\"wp-block-column is-layout-flow wp-block-column-is-layout-flow\">\n<h2 class=\"wp-block-heading\">Menu du mois <\/h2>\n\n\n\n<div class=\"wp-block-media-text is-stacked-on-mobile\" style=\"grid-template-columns:23% auto\"><figure class=\"wp-block-media-text__media\"><img fetchpriority=\"high\" decoding=\"async\" width=\"1024\" height=\"722\" src=\"http:\/\/www.le1926.com\/wp-content\/uploads\/2024\/07\/cropped-LOGO_1926_OR-1024x722.png\" alt=\"\" class=\"wp-image-12928 size-full\" srcset=\"https:\/\/www.le1926.com\/wp-content\/uploads\/2024\/07\/cropped-LOGO_1926_OR-1024x722.png 1024w, https:\/\/www.le1926.com\/wp-content\/uploads\/2024\/07\/cropped-LOGO_1926_OR-300x212.png 300w, https:\/\/www.le1926.com\/wp-content\/uploads\/2024\/07\/cropped-LOGO_1926_OR-768x541.png 768w, https:\/\/www.le1926.com\/wp-content\/uploads\/2024\/07\/cropped-LOGO_1926_OR-1536x1083.png 1536w, https:\/\/www.le1926.com\/wp-content\/uploads\/2024\/07\/cropped-LOGO_1926_OR-600x423.png 600w, https:\/\/www.le1926.com\/wp-content\/uploads\/2024\/07\/cropped-LOGO_1926_OR.png 2000w\" sizes=\"(max-width: 1024px) 100vw, 1024px\" \/><\/figure><div class=\"wp-block-media-text__content\">\n<p class=\"has-inter-font-family has-medium-font-size\">Venez vivre une exp\u00e9rience in\u00e9dite et d\u00e9guster un menu digne d&#8217;un restaurant gastronomique \u00e9labor\u00e9 et servi par les \u00e9l\u00e8ves, apprentis et adultes en formation qui seront sans doute les grands noms de demain ! <\/p>\n\n\n\n<p class=\"has-inter-font-family has-medium-font-size\">Partagez un moment chaleureux et convivial dans des lieux de p\u00e9dagogie o\u00f9 les apprenants peuvent mettre en application toutes leurs connaissances tout en b\u00e9n\u00e9ficiant des conseils et de la bienveillance de leurs professeurs. Tous les menus ainsi que les services sont r\u00e9alis\u00e9s par les apprenants eux-m\u00eames.<\/p>\n\n\n\n<figure class=\"wp-block-image size-large\"><img decoding=\"async\" width=\"751\" height=\"1024\" src=\"https:\/\/www.le1926.com\/wp-content\/uploads\/2026\/02\/622737658_122267135984218826_558102372686056217_n-1-751x1024.jpg\" alt=\"\" class=\"wp-image-13293\" srcset=\"https:\/\/www.le1926.com\/wp-content\/uploads\/2026\/02\/622737658_122267135984218826_558102372686056217_n-1-751x1024.jpg 751w, https:\/\/www.le1926.com\/wp-content\/uploads\/2026\/02\/622737658_122267135984218826_558102372686056217_n-1-220x300.jpg 220w, https:\/\/www.le1926.com\/wp-content\/uploads\/2026\/02\/622737658_122267135984218826_558102372686056217_n-1-768x1047.jpg 768w, https:\/\/www.le1926.com\/wp-content\/uploads\/2026\/02\/622737658_122267135984218826_558102372686056217_n-1-600x818.jpg 600w, https:\/\/www.le1926.com\/wp-content\/uploads\/2026\/02\/622737658_122267135984218826_558102372686056217_n-1.jpg 1113w\" sizes=\"(max-width: 751px) 100vw, 751px\" \/><\/figure>\n\n\n\n<p><\/p>\n<\/div><\/div>\n<\/div>\n<\/div>\n\n\n\n<p><\/p>\n","protected":false},"excerpt":{"rendered":"<p>Menu du mois Venez vivre une exp\u00e9rience in\u00e9dite et d\u00e9guster [&hellip;]<\/p>\n","protected":false},"author":1,"featured_media":0,"parent":0,"menu_order":0,"comment_status":"closed","ping_status":"closed","template":"","meta":{"_monsterinsights_skip_tracking":false,"_monsterinsights_sitenote_active":false,"_monsterinsights_sitenote_note":"","_monsterinsights_sitenote_category":0,"footnotes":""},"class_list":["post-12942","page","type-page","status-publish","hentry"],"aioseo_notices":[],"_links":{"self":[{"href":"https:\/\/www.le1926.com\/index.php\/wp-json\/wp\/v2\/pages\/12942","targetHints":{"allow":["GET"]}}],"collection":[{"href":"https:\/\/www.le1926.com\/index.php\/wp-json\/wp\/v2\/pages"}],"about":[{"href":"https:\/\/www.le1926.com\/index.php\/wp-json\/wp\/v2\/types\/page"}],"author":[{"embeddable":true,"href":"https:\/\/www.le1926.com\/index.php\/wp-json\/wp\/v2\/users\/1"}],"replies":[{"embeddable":true,"href":"https:\/\/www.le1926.com\/index.php\/wp-json\/wp\/v2\/comments?post=12942"}],"version-history":[{"count":39,"href":"https:\/\/www.le1926.com\/index.php\/wp-json\/wp\/v2\/pages\/12942\/revisions"}],"predecessor-version":[{"id":13294,"href":"https:\/\/www.le1926.com\/index.php\/wp-json\/wp\/v2\/pages\/12942\/revisions\/13294"}],"wp:attachment":[{"href":"https:\/\/www.le1926.com\/index.php\/wp-json\/wp\/v2\/media?parent=12942"}],"curies":[{"name":"wp","href":"https:\/\/api.w.org\/{rel}","templated":true}]}}