{"id":12930,"date":"2024-07-16T02:44:21","date_gmt":"2021-03-09T09:03:37","guid":{"rendered":"https:\/\/www.le1926.com\/index.php\/about-us-2\/"},"modified":"2024-07-17T03:45:34","modified_gmt":"2024-07-17T01:45:34","slug":"about-us-2","status":"publish","type":"page","link":"https:\/\/www.le1926.com\/index.php\/about-us-2\/","title":{"rendered":"Histoire du 1926"},"content":{"rendered":"\n<h2 class=\"wp-block-heading\">Histoire du 1926<\/h2>\n\n\n\n<div style=\"height:26px\" aria-hidden=\"true\" class=\"wp-block-spacer\"><\/div>\n\n\n\n<p class=\"has-medium-font-size\">Le Lyc\u00e9e Dampierre a \u00e9t\u00e9 \u00e9rig\u00e9 26 Juillet 1926 : D\u00e9claration d&#8217;ouverture de l&#8217;\u00c9cole d&#8217;Apprentissage Dampierre.&nbsp;A l&#8217;origine de la cr\u00e9ation de l&#8217;\u00e9cole se trouve l&#8217;abb\u00e9 Andr\u00e9 Cartigny, Il veut promouvoir l&#8217;apprentissage dans le commerce et l&#8217;industrie. Son objectif est d&#8217;aider les jeunes de la classe ouvri\u00e8re \u00e0 se former pour \u00eatre mieux reconnus dans la vie professionnelle.&nbsp;<\/p>\n\n\n\n<p class=\"has-medium-font-size\">L&#8217;\u00e9cole DAMPIERRE est donc g\u00e9r\u00e9e par le Syndicat des industriels et Commer\u00e7ants en M\u00e9taux du Bassin de l&#8217;Escaut&#8221;, soutenue par quelques personnalit\u00e9s de l&#8217;industrie et du commerce du Valenciennois. Les locaux d&#8217;une boulonnerie situ\u00e9e au 85 avenue de Denain \u00e0 Valenciennes, au lieu-dit &#8220;le Canton Br\u00fbl\u00e9&#8221;, sont achet\u00e9s. Les cours commencent en octobre 1926 avec une cinquantaine d&#8217;\u00e9l\u00e8ves.&nbsp;<\/p>\n\n\n\n<div style=\"height:23px\" aria-hidden=\"true\" class=\"wp-block-spacer\"><\/div>\n\n\n\n<figure class=\"wp-block-gallery has-nested-images columns-default is-cropped wp-block-gallery-1 is-layout-flex wp-block-gallery-is-layout-flex\">\n<figure class=\"wp-block-image size-large\"><img fetchpriority=\"high\" decoding=\"async\" width=\"1017\" height=\"725\" data-id=\"13016\" src=\"https:\/\/www.le1926.com\/wp-content\/uploads\/2024\/07\/429654538_122112791468218826_2423337524187212804_n.jpg\" alt=\"\" class=\"wp-image-13016\" srcset=\"https:\/\/www.le1926.com\/wp-content\/uploads\/2024\/07\/429654538_122112791468218826_2423337524187212804_n.jpg 1017w, https:\/\/www.le1926.com\/wp-content\/uploads\/2024\/07\/429654538_122112791468218826_2423337524187212804_n-300x214.jpg 300w, https:\/\/www.le1926.com\/wp-content\/uploads\/2024\/07\/429654538_122112791468218826_2423337524187212804_n-768x547.jpg 768w, https:\/\/www.le1926.com\/wp-content\/uploads\/2024\/07\/429654538_122112791468218826_2423337524187212804_n-600x428.jpg 600w\" sizes=\"(max-width: 1017px) 100vw, 1017px\" \/><\/figure>\n\n\n\n<figure class=\"wp-block-image size-large\"><img decoding=\"async\" width=\"1024\" height=\"737\" data-id=\"13017\" src=\"https:\/\/www.le1926.com\/wp-content\/uploads\/2024\/07\/429670082_122112791366218826_1318580408139327109_n-1024x737.jpg\" alt=\"\" class=\"wp-image-13017\" srcset=\"https:\/\/www.le1926.com\/wp-content\/uploads\/2024\/07\/429670082_122112791366218826_1318580408139327109_n-1024x737.jpg 1024w, https:\/\/www.le1926.com\/wp-content\/uploads\/2024\/07\/429670082_122112791366218826_1318580408139327109_n-300x216.jpg 300w, https:\/\/www.le1926.com\/wp-content\/uploads\/2024\/07\/429670082_122112791366218826_1318580408139327109_n-768x553.jpg 768w, https:\/\/www.le1926.com\/wp-content\/uploads\/2024\/07\/429670082_122112791366218826_1318580408139327109_n-1536x1106.jpg 1536w, https:\/\/www.le1926.com\/wp-content\/uploads\/2024\/07\/429670082_122112791366218826_1318580408139327109_n-600x432.jpg 600w, https:\/\/www.le1926.com\/wp-content\/uploads\/2024\/07\/429670082_122112791366218826_1318580408139327109_n.jpg 1695w\" sizes=\"(max-width: 1024px) 100vw, 1024px\" \/><\/figure>\n\n\n\n<figure class=\"wp-block-image size-large\"><img decoding=\"async\" width=\"1024\" height=\"467\" data-id=\"13018\" src=\"https:\/\/www.le1926.com\/wp-content\/uploads\/2024\/07\/429828536_122112791348218826_6544776071744164605_n-1024x467.jpg\" alt=\"\" class=\"wp-image-13018\" srcset=\"https:\/\/www.le1926.com\/wp-content\/uploads\/2024\/07\/429828536_122112791348218826_6544776071744164605_n-1024x467.jpg 1024w, https:\/\/www.le1926.com\/wp-content\/uploads\/2024\/07\/429828536_122112791348218826_6544776071744164605_n-300x137.jpg 300w, https:\/\/www.le1926.com\/wp-content\/uploads\/2024\/07\/429828536_122112791348218826_6544776071744164605_n-768x350.jpg 768w, https:\/\/www.le1926.com\/wp-content\/uploads\/2024\/07\/429828536_122112791348218826_6544776071744164605_n-1536x700.jpg 1536w, https:\/\/www.le1926.com\/wp-content\/uploads\/2024\/07\/429828536_122112791348218826_6544776071744164605_n-600x273.jpg 600w, https:\/\/www.le1926.com\/wp-content\/uploads\/2024\/07\/429828536_122112791348218826_6544776071744164605_n.jpg 1602w\" sizes=\"(max-width: 1024px) 100vw, 1024px\" \/><\/figure>\n<\/figure>\n\n\n\n<div style=\"height:23px\" aria-hidden=\"true\" class=\"wp-block-spacer\"><\/div>\n\n\n\n<p class=\"has-medium-font-size\">L&#8217;h\u00f4tellerie restauration tradition forte du dioc\u00e8se de Cambrai interviendra quelques ann\u00e9es plus tard avec un premier centre de formation \u201crue des Moulineaux \u00e0 Valenciennes.\u201d Avant de rejoindre le Lyc\u00e9e Dampierre au 85 Avenue de Denain dans les ann\u00e9e 2000. <\/p>\n\n\n\n<div style=\"height:23px\" aria-hidden=\"true\" class=\"wp-block-spacer\"><\/div>\n\n\n\n<h3 class=\"wp-block-heading\">Ch\u00e2teau Fortier &#8211; Valarep<\/h3>\n\n\n\n<figure class=\"wp-block-gallery has-nested-images columns-default is-cropped wp-block-gallery-2 is-layout-flex wp-block-gallery-is-layout-flex\">\n<figure class=\"wp-block-image size-large\"><img loading=\"lazy\" decoding=\"async\" width=\"1024\" height=\"768\" data-id=\"13063\" src=\"https:\/\/www.le1926.com\/wp-content\/uploads\/2024\/07\/chateau1-1024x768.jpg\" alt=\"\" class=\"wp-image-13063\" srcset=\"https:\/\/www.le1926.com\/wp-content\/uploads\/2024\/07\/chateau1-1024x768.jpg 1024w, https:\/\/www.le1926.com\/wp-content\/uploads\/2024\/07\/chateau1-300x225.jpg 300w, https:\/\/www.le1926.com\/wp-content\/uploads\/2024\/07\/chateau1-768x576.jpg 768w, https:\/\/www.le1926.com\/wp-content\/uploads\/2024\/07\/chateau1-1536x1152.jpg 1536w, https:\/\/www.le1926.com\/wp-content\/uploads\/2024\/07\/chateau1-600x450.jpg 600w, https:\/\/www.le1926.com\/wp-content\/uploads\/2024\/07\/chateau1.jpg 2048w\" sizes=\"(max-width: 1024px) 100vw, 1024px\" \/><\/figure>\n\n\n\n<figure class=\"wp-block-image size-large\"><img loading=\"lazy\" decoding=\"async\" width=\"1024\" height=\"768\" data-id=\"13062\" src=\"https:\/\/www.le1926.com\/wp-content\/uploads\/2024\/07\/chateau2-1024x768.jpg\" alt=\"\" class=\"wp-image-13062\" srcset=\"https:\/\/www.le1926.com\/wp-content\/uploads\/2024\/07\/chateau2-1024x768.jpg 1024w, https:\/\/www.le1926.com\/wp-content\/uploads\/2024\/07\/chateau2-300x225.jpg 300w, https:\/\/www.le1926.com\/wp-content\/uploads\/2024\/07\/chateau2-768x576.jpg 768w, https:\/\/www.le1926.com\/wp-content\/uploads\/2024\/07\/chateau2-1536x1152.jpg 1536w, https:\/\/www.le1926.com\/wp-content\/uploads\/2024\/07\/chateau2-600x450.jpg 600w, https:\/\/www.le1926.com\/wp-content\/uploads\/2024\/07\/chateau2.jpg 2048w\" sizes=\"(max-width: 1024px) 100vw, 1024px\" \/><\/figure>\n\n\n\n<figure class=\"wp-block-image size-large\"><img loading=\"lazy\" decoding=\"async\" width=\"768\" height=\"1024\" data-id=\"13064\" src=\"https:\/\/www.le1926.com\/wp-content\/uploads\/2024\/07\/chateau3-768x1024.jpg\" alt=\"\" class=\"wp-image-13064\" srcset=\"https:\/\/www.le1926.com\/wp-content\/uploads\/2024\/07\/chateau3-768x1024.jpg 768w, https:\/\/www.le1926.com\/wp-content\/uploads\/2024\/07\/chateau3-225x300.jpg 225w, https:\/\/www.le1926.com\/wp-content\/uploads\/2024\/07\/chateau3-1152x1536.jpg 1152w, https:\/\/www.le1926.com\/wp-content\/uploads\/2024\/07\/chateau3-600x800.jpg 600w, https:\/\/www.le1926.com\/wp-content\/uploads\/2024\/07\/chateau3.jpg 1536w\" sizes=\"(max-width: 768px) 100vw, 768px\" \/><\/figure>\n<\/figure>\n\n\n\n<div style=\"height:34px\" aria-hidden=\"true\" class=\"wp-block-spacer\"><\/div>\n\n\n\n<p class=\"has-medium-font-size\">Suite au d\u00e9veloppement de l&#8217;AREP Haut de France, l&#8217;\u00e9tablissement se porte locataire en XXXX du Ch\u00e2teau Fortier situ\u00e9 sur le site de la commune de Saint-Saulve. Suite \u00e0 une activit\u00e9 grandissante, le projet 1926 est lanc\u00e9 par Mr Laurent Vallet, Chef d&#8217;\u00e9tablissement du Lyc\u00e9e Dampierre &#8211; Centre de formation Valarep en 2021. <\/p>\n\n\n\n<div style=\"height:21px\" aria-hidden=\"true\" class=\"wp-block-spacer\"><\/div>\n\n\n\n<figure class=\"wp-block-gallery has-nested-images columns-default is-cropped wp-block-gallery-3 is-layout-flex wp-block-gallery-is-layout-flex\">\n<figure class=\"wp-block-image size-large\"><img loading=\"lazy\" decoding=\"async\" width=\"960\" height=\"720\" data-id=\"13067\" src=\"https:\/\/www.le1926.com\/wp-content\/uploads\/2024\/07\/330759625_913077160051325_8258275647585980821_n.jpg\" alt=\"\" class=\"wp-image-13067\" srcset=\"https:\/\/www.le1926.com\/wp-content\/uploads\/2024\/07\/330759625_913077160051325_8258275647585980821_n.jpg 960w, https:\/\/www.le1926.com\/wp-content\/uploads\/2024\/07\/330759625_913077160051325_8258275647585980821_n-300x225.jpg 300w, https:\/\/www.le1926.com\/wp-content\/uploads\/2024\/07\/330759625_913077160051325_8258275647585980821_n-768x576.jpg 768w, https:\/\/www.le1926.com\/wp-content\/uploads\/2024\/07\/330759625_913077160051325_8258275647585980821_n-600x450.jpg 600w\" sizes=\"(max-width: 960px) 100vw, 960px\" \/><\/figure>\n\n\n\n<figure class=\"wp-block-image size-large\"><img loading=\"lazy\" decoding=\"async\" width=\"1024\" height=\"1024\" data-id=\"13065\" src=\"https:\/\/www.le1926.com\/wp-content\/uploads\/2024\/07\/339105226_567407708731037_436427589062314294_n-1024x1024.jpg\" alt=\"\" class=\"wp-image-13065\" srcset=\"https:\/\/www.le1926.com\/wp-content\/uploads\/2024\/07\/339105226_567407708731037_436427589062314294_n-1024x1024.jpg 1024w, https:\/\/www.le1926.com\/wp-content\/uploads\/2024\/07\/339105226_567407708731037_436427589062314294_n-300x300.jpg 300w, https:\/\/www.le1926.com\/wp-content\/uploads\/2024\/07\/339105226_567407708731037_436427589062314294_n-150x150.jpg 150w, https:\/\/www.le1926.com\/wp-content\/uploads\/2024\/07\/339105226_567407708731037_436427589062314294_n-768x768.jpg 768w, https:\/\/www.le1926.com\/wp-content\/uploads\/2024\/07\/339105226_567407708731037_436427589062314294_n-720x720.jpg 720w, https:\/\/www.le1926.com\/wp-content\/uploads\/2024\/07\/339105226_567407708731037_436427589062314294_n-600x600.jpg 600w, https:\/\/www.le1926.com\/wp-content\/uploads\/2024\/07\/339105226_567407708731037_436427589062314294_n-100x100.jpg 100w, https:\/\/www.le1926.com\/wp-content\/uploads\/2024\/07\/339105226_567407708731037_436427589062314294_n.jpg 1440w\" sizes=\"(max-width: 1024px) 100vw, 1024px\" \/><\/figure>\n\n\n\n<figure class=\"wp-block-image size-large\"><img loading=\"lazy\" decoding=\"async\" width=\"1024\" height=\"768\" data-id=\"13066\" src=\"https:\/\/www.le1926.com\/wp-content\/uploads\/2024\/07\/429969187_122112787046218826_4683305475779641854_n-1024x768.jpg\" alt=\"\" class=\"wp-image-13066\" srcset=\"https:\/\/www.le1926.com\/wp-content\/uploads\/2024\/07\/429969187_122112787046218826_4683305475779641854_n-1024x768.jpg 1024w, https:\/\/www.le1926.com\/wp-content\/uploads\/2024\/07\/429969187_122112787046218826_4683305475779641854_n-300x225.jpg 300w, https:\/\/www.le1926.com\/wp-content\/uploads\/2024\/07\/429969187_122112787046218826_4683305475779641854_n-768x576.jpg 768w, https:\/\/www.le1926.com\/wp-content\/uploads\/2024\/07\/429969187_122112787046218826_4683305475779641854_n-1536x1152.jpg 1536w, https:\/\/www.le1926.com\/wp-content\/uploads\/2024\/07\/429969187_122112787046218826_4683305475779641854_n-600x450.jpg 600w, https:\/\/www.le1926.com\/wp-content\/uploads\/2024\/07\/429969187_122112787046218826_4683305475779641854_n.jpg 2048w\" sizes=\"(max-width: 1024px) 100vw, 1024px\" \/><\/figure>\n<\/figure>\n\n\n\n<div style=\"height:21px\" aria-hidden=\"true\" class=\"wp-block-spacer\"><\/div>\n\n\n\n<p class=\"has-medium-font-size\">Le 1926 vient donc en remplacement des activit\u00e9s p\u00e9dagogiques du Ch\u00e2teau Fortier que nous avons quitt\u00e9 le 31 Ao\u00fbt 2024.<\/p>\n","protected":false},"excerpt":{"rendered":"<p>Histoire du 1926 Le Lyc\u00e9e Dampierre a \u00e9t\u00e9 \u00e9rig\u00e9 26 [&hellip;]<\/p>\n","protected":false},"author":1,"featured_media":0,"parent":0,"menu_order":0,"comment_status":"closed","ping_status":"closed","template":"elementor_theme","meta":{"_monsterinsights_skip_tracking":false,"_monsterinsights_sitenote_active":false,"_monsterinsights_sitenote_note":"","_monsterinsights_sitenote_category":0,"footnotes":""},"class_list":["post-12930","page","type-page","status-publish","hentry"],"aioseo_notices":[],"_links":{"self":[{"href":"https:\/\/www.le1926.com\/index.php\/wp-json\/wp\/v2\/pages\/12930","targetHints":{"allow":["GET"]}}],"collection":[{"href":"https:\/\/www.le1926.com\/index.php\/wp-json\/wp\/v2\/pages"}],"about":[{"href":"https:\/\/www.le1926.com\/index.php\/wp-json\/wp\/v2\/types\/page"}],"author":[{"embeddable":true,"href":"https:\/\/www.le1926.com\/index.php\/wp-json\/wp\/v2\/users\/1"}],"replies":[{"embeddable":true,"href":"https:\/\/www.le1926.com\/index.php\/wp-json\/wp\/v2\/comments?post=12930"}],"version-history":[{"count":8,"href":"https:\/\/www.le1926.com\/index.php\/wp-json\/wp\/v2\/pages\/12930\/revisions"}],"predecessor-version":[{"id":13095,"href":"https:\/\/www.le1926.com\/index.php\/wp-json\/wp\/v2\/pages\/12930\/revisions\/13095"}],"wp:attachment":[{"href":"https:\/\/www.le1926.com\/index.php\/wp-json\/wp\/v2\/media?parent=12930"}],"curies":[{"name":"wp","href":"https:\/\/api.w.org\/{rel}","templated":true}]}}